{"id":149,"date":"2021-11-08T14:07:00","date_gmt":"2021-11-08T14:07:00","guid":{"rendered":"https:\/\/ptof.liceoattiliobertolucci.org\/25-28\/?page_id=149"},"modified":"2025-10-28T12:53:55","modified_gmt":"2025-10-28T12:53:55","slug":"offerta-formativa","status":"publish","type":"page","link":"https:\/\/ptof.liceoattiliobertolucci.org\/25-28\/indice\/offerta-formativa\/","title":{"rendered":"OFFERTA FORMATIVA"},"content":{"rendered":"\t\t<div data-elementor-type=\"wp-page\" data-elementor-id=\"149\" class=\"elementor elementor-149\">\n\t\t\t\t\t\t<section class=\"elementor-section elementor-top-section elementor-element elementor-element-e83b528 elementor-section-boxed elementor-section-height-default elementor-section-height-default\" data-id=\"e83b528\" data-element_type=\"section\" id=\"mybread\" data-settings=\"{&quot;background_background&quot;:&quot;classic&quot;}\">\n\t\t\t\t\t\t<div class=\"elementor-container elementor-column-gap-no\">\n\t\t\t\t\t<div class=\"elementor-column elementor-col-100 elementor-top-column elementor-element elementor-element-e1902ae\" data-id=\"e1902ae\" data-element_type=\"column\">\n\t\t\t<div class=\"elementor-widget-wrap elementor-element-populated\">\n\t\t\t\t\t\t<div class=\"elementor-element elementor-element-255ff7e elementor-widget elementor-widget-shortcode\" data-id=\"255ff7e\" data-element_type=\"widget\" data-widget_type=\"shortcode.default\">\n\t\t\t\t<div class=\"elementor-widget-container\">\n\t\t\t\t\t\t\t<div class=\"elementor-shortcode\">\t\t\t<!-- Flexy Breadcrumb -->\r\n\t\t\t<div class=\"fbc fbc-page\">\r\n\r\n\t\t\t\t<!-- Breadcrumb wrapper -->\r\n\t\t\t\t<div class=\"fbc-wrap\">\r\n\r\n\t\t\t\t\t<!-- Ordered list-->\r\n\t\t\t\t\t<ol class=\"fbc-items\" itemscope itemtype=\"https:\/\/schema.org\/BreadcrumbList\">\r\n\t\t\t\t\t\t            <li itemprop=\"itemListElement\" itemscope itemtype=\"https:\/\/schema.org\/ListItem\">\r\n                <span itemprop=\"name\">\r\n                    <!-- Home Link -->\r\n                    <a itemprop=\"item\" href=\"https:\/\/ptof.liceoattiliobertolucci.org\/25-28\">\r\n                    \r\n                                                    <i class=\"fa fa-home\" aria-hidden=\"true\"><\/i>PTOF 2025 - 2028                    <\/a>\r\n                <\/span>\r\n                <meta itemprop=\"position\" content=\"1\" \/><!-- Meta Position-->\r\n             <\/li><li><span class=\"fbc-separator\">\/<\/span><\/li><li class=\"active\" itemprop=\"itemListElement\" itemscope itemtype=\"https:\/\/schema.org\/ListItem\"><span itemprop=\"name\" title=\"OFFERTA FORMATIVA\">OFFERTA FORMATIVA<\/span><meta itemprop=\"position\" content=\"2\" \/><\/li>\t\t\t\t\t<\/ol>\r\n\t\t\t\t\t<div class=\"clearfix\"><\/div>\r\n\t\t\t\t<\/div>\r\n\t\t\t<\/div>\r\n\t\t\t<\/div>\n\t\t\t\t\t\t<\/div>\n\t\t\t\t<\/div>\n\t\t\t\t\t<\/div>\n\t\t<\/div>\n\t\t\t\t\t<\/div>\n\t\t<\/section>\n\t\t\t\t<section class=\"elementor-section elementor-top-section elementor-element elementor-element-443f2b1 elementor-section-boxed elementor-section-height-default elementor-section-height-default\" data-id=\"443f2b1\" data-element_type=\"section\">\n\t\t\t\t\t\t<div class=\"elementor-container elementor-column-gap-default\">\n\t\t\t\t\t<div class=\"elementor-column elementor-col-100 elementor-top-column elementor-element elementor-element-09688c0\" data-id=\"09688c0\" data-element_type=\"column\">\n\t\t\t<div class=\"elementor-widget-wrap elementor-element-populated\">\n\t\t\t\t\t\t<div class=\"elementor-element elementor-element-ef4ed2f elementor-widget elementor-widget-spacer\" data-id=\"ef4ed2f\" data-element_type=\"widget\" data-widget_type=\"spacer.default\">\n\t\t\t\t<div class=\"elementor-widget-container\">\n\t\t\t\t\t\t\t<div class=\"elementor-spacer\">\n\t\t\t<div class=\"elementor-spacer-inner\"><\/div>\n\t\t<\/div>\n\t\t\t\t\t\t<\/div>\n\t\t\t\t<\/div>\n\t\t\t\t<div class=\"elementor-element elementor-element-50669c4 elementor-widget elementor-widget-heading\" data-id=\"50669c4\" data-element_type=\"widget\" data-widget_type=\"heading.default\">\n\t\t\t\t<div class=\"elementor-widget-container\">\n\t\t\t\t\t<h2 class=\"elementor-heading-title elementor-size-default\">OFFERTA FORMATIVA<\/h2>\t\t\t\t<\/div>\n\t\t\t\t<\/div>\n\t\t\t\t\t<\/div>\n\t\t<\/div>\n\t\t\t\t\t<\/div>\n\t\t<\/section>\n\t\t\t\t<section class=\"elementor-section elementor-top-section elementor-element elementor-element-524ba2f elementor-section-boxed elementor-section-height-default elementor-section-height-default\" data-id=\"524ba2f\" data-element_type=\"section\">\n\t\t\t\t\t\t<div class=\"elementor-container elementor-column-gap-default\">\n\t\t\t\t\t<div class=\"elementor-column elementor-col-100 elementor-top-column elementor-element elementor-element-bb5d907\" data-id=\"bb5d907\" data-element_type=\"column\">\n\t\t\t<div class=\"elementor-widget-wrap elementor-element-populated\">\n\t\t\t\t\t\t<div class=\"elementor-element elementor-element-8062660 elementor-widget-divider--view-line elementor-widget elementor-widget-divider\" data-id=\"8062660\" data-element_type=\"widget\" data-widget_type=\"divider.default\">\n\t\t\t\t<div class=\"elementor-widget-container\">\n\t\t\t\t\t\t\t<div class=\"elementor-divider\">\n\t\t\t<span class=\"elementor-divider-separator\">\n\t\t\t\t\t\t<\/span>\n\t\t<\/div>\n\t\t\t\t\t\t<\/div>\n\t\t\t\t<\/div>\n\t\t\t\t\t<\/div>\n\t\t<\/div>\n\t\t\t\t\t<\/div>\n\t\t<\/section>\n\t\t\t\t<section class=\"elementor-section elementor-top-section elementor-element elementor-element-a4631e3 contenutolungo elementor-section-boxed elementor-section-height-default elementor-section-height-default\" data-id=\"a4631e3\" data-element_type=\"section\">\n\t\t\t\t\t\t<div class=\"elementor-container elementor-column-gap-default\">\n\t\t\t\t\t<div class=\"elementor-column elementor-col-100 elementor-top-column elementor-element elementor-element-3a03cb9\" data-id=\"3a03cb9\" data-element_type=\"column\">\n\t\t\t<div class=\"elementor-widget-wrap elementor-element-populated\">\n\t\t\t\t\t\t<div class=\"elementor-element elementor-element-3639b0a elementor-widget elementor-widget-text-editor\" data-id=\"3639b0a\" data-element_type=\"widget\" data-widget_type=\"text-editor.default\">\n\t\t\t\t<div class=\"elementor-widget-container\">\n\t\t\t\t\t\t\t\t\t<h2><strong><br \/>DAL <a href=\"https:\/\/docs.google.com\/document\/d\/1ExUoJY2P2auT7lCas3bEM3Nmh4MKOUtD3ERtyq3fdyg\/edit?usp=sharing\"><strong>CURRICOLO NAZIONALE DEI LICEI SCIENTIFICO \u2013 SPORTIVO \u2013 MUSICALE<\/strong><\/a> ALL&#8217;OFFERTA FORMATIVA DEL LICEO BERTOLUCCI<\/strong><\/h2><p>E\u2019 qui presenta l\u2019offerta specifica del Liceo Attilio Bertolucci. Ogni percorso \u00e8 descritto con poche righe di presentazione e dal quadro orario.<\/p><p>I percorsi offerti dal Liceo Bertolucci sono:<\/p><ul><li><strong>Liceo Scientifico<\/strong><\/li><li><strong>Liceo Scientifico Cambridge IGCSE<\/strong><\/li><li><strong>Liceo Scientifico Matematica+<\/strong><\/li><li><strong>Liceo Scientifico ad indirizzo Sportivo quinquennale<\/strong><\/li><li><strong>Liceo Scientifico ad indirizzo Sportivo <\/strong><strong>quadriennale<\/strong><\/li><li><strong>Liceo <\/strong><strong>Musicale <\/strong><\/li><\/ul><h2><strong>LICEO <\/strong><a href=\"https:\/\/liceoattiliobertolucci.edu.it\/orientamento-indirizzo-scientifico-ordinamentale\/\"><strong>SCIENTIFICO <\/strong><\/a><a href=\"https:\/\/liceoattiliobertolucci.edu.it\/orientamento-indirizzo-scientifico-ordinamentale\/\"><strong>ORDINAMENTALE<\/strong><\/a><\/h2><p>Secondo le indicazioni della riforma (DPR 89\/2010) il percorso del liceo scientifico \u00e8 indirizzato allo studio del nesso tra cultura scientifica e tradizione umanistica, pertanto il Piano di Studi armonizza l\u2019approfondimento rigoroso del sapere matematico e scientifico con un\u2019ampia preparazione nelle discipline umanistiche. L\u2019obiettivo \u00e8 di offrire, al termine del ciclo di studi e della pratica laboratoriale, una formazione culturale completa, aperta alla pluralit\u00e0 dei linguaggi, che consenta di accedere a ogni tipo di indirizzo universitario. Una <strong>visione storico-critica <\/strong>e una conoscenza del <strong>contesto storico e filosofico <\/strong>in cui le discipline si sono sviluppate \u00e8 un altro obiettivo importante per capire che la scienza ha progredito grazie agli sforzi e alle intuizioni di uomini e donne appassionati del loro lavoro. L\u2019ambiente multimediale si presta molto bene per supportare lo studio e gli approfondimenti delle discipline scientifiche e permette di <strong>utilizzare programmi opportuni <\/strong>per verificare, rielaborare e consolidare ci\u00f2 che si \u00e8 imparato.<\/p><p><img fetchpriority=\"high\" decoding=\"async\" src=\"https:\/\/ptof.liceoattiliobertolucci.org\/25-28\/wp-content\/uploads\/2021\/11\/i_ord.png\" alt=\"\" width=\"568\" height=\"499\" \/><\/p><h2><strong>LICEO SCIENTIFICO <\/strong><a href=\"https:\/\/liceoattiliobertolucci.edu.it\/orientamento-indirizzo-cambridge\/\"><strong>CORSO CAMBRIDGE IGCSE<\/strong><\/a><\/h2><p>La sezione scientifica Cambridge risponde alla vocazione internazionale del liceo. La particolarit\u00e0 del percorso di studi, che permette la certificazione IGCSE (International General Certificate of Secondary Education) e AS\/A level in alcune materie, consiste nell\u2019affiancare ai programmi italiani l\u2019insegnamento in inglese di alcune materie caratterizzanti: Mathematics, Business studies, English As a Second Language e Global Perspectives.<\/p><p>I singoli attestati di superamento degli esami IGCSE e AS\/A level &#8211; il liceo \u00e8 sede ufficiale degli esami Cambridge &#8211; andranno ad arricchire il portfolio personale dello studente e costituiranno un valore aggiunto nel frequentare corsi di studi universitari in lingua inglese sia in Italia che all\u2019estero.<\/p><p><img decoding=\"async\" src=\"https:\/\/ptof.liceoattiliobertolucci.org\/25-28\/wp-content\/uploads\/2021\/11\/orarioCambridge.jpg\" alt=\"\" width=\"614\" height=\"717\" \/><\/p><p>\u00a0 \u00a0( ) ora in compresenza con tutor madrelingua<\/p><h2><strong>LICEO SCIENTIFICO <\/strong><a href=\"https:\/\/liceoattiliobertolucci.edu.it\/orientamento-indirizzo-matematica\/\"><strong>CORSO MATEMATICA +<\/strong><\/a><\/h2><p><span style=\"font-weight: 400;\">Il collegio docenti del Liceo Bertolucci, continuando il percorso di ricerca e innovazione che da sempre caratterizza il liceo, si \u00e8 approfonditamente interrogato su alcuni dei tratti distintivi della societ\u00e0 e della cultura odierne.<\/span><\/p><p><span style=\"font-weight: 400;\">La riflessione si \u00e8 cos\u00ec concentrata sulla matematica e sulla fisica, che ogni giorno di pi\u00f9 si manifestano come chiave di ingresso nella <\/span><b>Net Economy<\/b><span style=\"font-weight: 400;\">, nell\u2019era dei <\/span><b>Big Data<\/b><span style=\"font-weight: 400;\">, nella societ\u00e0 e nell\u2019<\/span><b>economia degli algoritmi<\/b><span style=\"font-weight: 400;\"> e dell\u2019<\/span><b>intelligenza artificiale<\/b><span style=\"font-weight: 400;\">.\u00a0<\/span><\/p><p><span style=\"font-weight: 400;\">E\u2019 nato cos\u00ec \u2013 grazie all\u2019organico dell\u2019autonomia avviato dalla legge 107\/2015 \u2013 <\/span><b>Matematica+ <\/b><span style=\"font-weight: 400;\">: un percorso di studi che non toglie nessuna disciplina al liceo scientifico ordinamentale ma al contrario vi aggiunge un\u2019ora settimanale di matematica\/fisica.\u00a0<\/span><\/p><p><span style=\"font-weight: 400;\">Obiettivo particolare del liceo Matematica+ \u00e8 lo sviluppo del <\/span><b>pensiero computazionale<\/b><span style=\"font-weight: 400;\"> come <\/span><b>competenza trasversale <\/b><span style=\"font-weight: 400;\">\u00a0tra le varie discipline: in questo\u00a0 corso infatti si intende lavorare in modo pi\u00f9 approfondito nella formazione di cittadini in grado di porsi come <\/span><b>\u201cpensatori critici\u201d<\/b><span style=\"font-weight: 400;\"> che sappiano formulare ipotesi e possibili linee di azioni alternative sapendole valutare.<\/span><\/p><p><span style=\"font-weight: 400;\">Il pensiero critico \u00e8 insegnato facendo affrontare agli studenti <\/span><b>problemi reali<\/b><span style=\"font-weight: 400;\">, rendendoli consapevoli della necessit\u00e0 di un metodo di analisi e approccio sistematico all\u2019indagine, sviluppando strategie differenti, facendo emergere l\u2019<\/span><b>aspetto creativo<\/b><span style=\"font-weight: 400;\"> e la <\/span><b>trasversalit\u00e0<\/b><span style=\"font-weight: 400;\"> della disciplina matematica.<\/span><\/p><p><span style=\"font-weight: 400;\">La risoluzione di problemi reali in contesti diversi favorisce la motivazione allo studio delle discipline scientifiche. L\u2019obiettivo \u00e8 aiutare lo studente a sviluppare maggiormente le capacit\u00e0 di ragionamento scontrandosi con i propri errori, e fornendogli un\u2019ampia gamma di strumenti per analizzare la realt\u00e0 con una disposizione mentale scientifica.<br \/><\/span><\/p><p><span style=\"font-weight: 400;\"><img decoding=\"async\" class=\"alignnone size-full wp-image-827\" src=\"https:\/\/ptof.liceoattiliobertolucci.org\/25-28\/wp-content\/uploads\/2025\/10\/i_mat_2025-26.png\" alt=\"\" width=\"643\" height=\"618\" srcset=\"https:\/\/ptof.liceoattiliobertolucci.org\/25-28\/wp-content\/uploads\/2025\/10\/i_mat_2025-26.png 643w, https:\/\/ptof.liceoattiliobertolucci.org\/25-28\/wp-content\/uploads\/2025\/10\/i_mat_2025-26-300x288.png 300w\" sizes=\"(max-width: 643px) 100vw, 643px\" \/><\/span><\/p><h2><strong>LICEO SCIENTIFICO <\/strong><a href=\"https:\/\/liceoattiliobertolucci.edu.it\/orientamento-indirizzo-sportivo\/\"><strong>INDIRIZZO SPORTIVO ORDINAMENTALE<\/strong><\/a><\/h2><p>La sezione ad indirizzo sportivo \u00e8 volta all\u2019<strong>approfondimento delle scienze motorie e sportive<\/strong> e di una o pi\u00f9 discipline sportive all\u2019interno di un quadro culturale che favorisce, in particolare, l\u2019acquisizione delle conoscenze e dei metodi propri delle<strong> scienze matematiche, fisiche e naturali, <\/strong>nonch\u00e9<strong> dell\u2019economia e del diritto<\/strong>.<\/p><p>Da qualche anno inoltre il liceo si \u00e8 dotato di <strong>strumentazioni digitali quali l\u2019 Optojump Next, il sistema a semafori\u00a0 Witty Sem<\/strong>, i <strong>cardiofrequenzimetri Polar<\/strong>, un avanzato <strong>Laboratorio cognitivo-motorio<\/strong> che hanno reso possibile lo svilupparsi di una didattica e di <strong>progetti\u00a0 innovativi in ambito motorio e dell\u2019apprendimento<\/strong>.<\/p><p>Al superamento dell\u2019esame di stato \u00e8 rilasciato il diploma di liceo scientifico con l\u2019indicazione di \u201csezione ad indirizzo sportivo\u201d. La preparazione ed il tipo di formazione acquisite permettono allo studente di frequentare qualunque facolt\u00e0 universitaria, i corsi di laurea di settore (Scienze Motorie, Sport e Salute) e quelli ad indirizzo medico, paramedico, scientifico e tecnologico.<\/p><p><img loading=\"lazy\" decoding=\"async\" class=\"alignnone size-full wp-image-447\" src=\"https:\/\/ptof.liceoattiliobertolucci.org\/25-28\/wp-content\/uploads\/2023\/01\/orario-sport-5-e-note.png\" alt=\"\" width=\"581\" height=\"589\" srcset=\"https:\/\/ptof.liceoattiliobertolucci.org\/25-28\/wp-content\/uploads\/2023\/01\/orario-sport-5-e-note.png 581w, https:\/\/ptof.liceoattiliobertolucci.org\/25-28\/wp-content\/uploads\/2023\/01\/orario-sport-5-e-note-296x300.png 296w, https:\/\/ptof.liceoattiliobertolucci.org\/25-28\/wp-content\/uploads\/2023\/01\/orario-sport-5-e-note-100x100.png 100w\" sizes=\"(max-width: 581px) 100vw, 581px\" \/><\/p><h2><strong>LICEO SCIENTIFICO AD <\/strong><a href=\"https:\/\/liceoattiliobertolucci.edu.it\/orientamento-indirizzo-sportivo-quadriennale\/\"><strong>IN<\/strong><\/a><a href=\"https:\/\/liceoattiliobertolucci.edu.it\/orientamento-indirizzo-sportivo-quadriennale\/\"><strong>DIRIZZO <\/strong><\/a><a href=\"https:\/\/liceoattiliobertolucci.edu.it\/orientamento-indirizzo-sportivo-quadriennale\/\"><strong>SPORTIVO QUADRIENNALE<\/strong><\/a><\/h2><p><span style=\"color: var( --e-global-color-text ); font-family: var( --e-global-typography-text-font-family ), Sans-serif; font-weight: var( --e-global-typography-text-font-weight ); font-size: 1rem;\">La sperimentazione quadriennale del liceo scientifico ad indirizzo sportivo \u00e8 una delle prime 200 sperimentazioni quadriennali autorizzate dal MIUR in Italia a partire dall\u2019anno scolastico 2018\/19. Essa propone di <\/span><strong style=\"color: var( --e-global-color-text ); font-family: var( --e-global-typography-text-font-family ), Sans-serif; font-size: 1rem;\">uniformare il corso di studi agli standard europei <\/strong><span style=\"color: var( --e-global-color-text ); font-family: var( --e-global-typography-text-font-family ), Sans-serif; font-weight: var( --e-global-typography-text-font-weight ); font-size: 1rem;\">valorizzando gli apprendimenti formali e non formali degli studenti attraverso percorsi flessibili e rivolti allo <\/span><strong style=\"color: var( --e-global-color-text ); font-family: var( --e-global-typography-text-font-family ), Sans-serif; font-size: 1rem;\">sviluppo delle competenze trasversali, del \u201c<em>learning by doing<\/em>\u201d e del pensiero critico<\/strong><span style=\"color: var( --e-global-color-text ); font-family: var( --e-global-typography-text-font-family ), Sans-serif; font-weight: var( --e-global-typography-text-font-weight ); font-size: 1rem;\">. Il liceo quadriennale comporta infatti una significativa innovazione dell\u2019impostazione didattica in termini di ambienti, di spazi laboratoriali, di percorsi disciplinari e interdisciplinari e richiede una diversa organizzazione del quadro orario settimanale ed annuale. Il Liceo \u00e8 pertanto organizzato in <\/span><strong style=\"color: var( --e-global-color-text ); font-family: var( --e-global-typography-text-font-family ), Sans-serif; font-size: 1rem;\">due bienni,<\/strong><span style=\"color: var( --e-global-color-text ); font-family: var( --e-global-typography-text-font-family ), Sans-serif; font-weight: var( --e-global-typography-text-font-weight ); font-size: 1rem;\">\u00a0 ma al termine del percorso lo studente avr\u00e0 svolto lo <\/span><strong style=\"color: var( --e-global-color-text ); font-family: var( --e-global-typography-text-font-family ), Sans-serif; font-size: 1rem;\">stesso numero di ore del liceo quinquennale<\/strong><span style=\"color: var( --e-global-color-text ); font-family: var( --e-global-typography-text-font-family ), Sans-serif; font-weight: var( --e-global-typography-text-font-weight ); font-size: 1rem;\"> (4752 ore). Ciascun anno scolastico \u00e8 articolato in 35 settimane. Le attivit\u00e0 presenti nel quadro orario settimanale comprendono 80 ore annue di attivit\u00e0 di potenziamento realizzate in rete e 58 ore di attivit\u00e0 caratterizzanti l\u2019indirizzo.<\/span><\/p><p>Al liceo quadriennale si favorisce l&#8217;opzione <strong>BYOD (<em>bring my own device<\/em>)<\/strong>\u00a0come modalit\u00e0 di lavoro in classe; ci\u00f2 facilita sia le attivit\u00e0 di lavoro in gruppo, sia atteggiamenti di collaborazione interpersonale e lo sviluppo delle soft skills del cittadino europeo, competenze indispensabili nel mondo del lavoro e dell\u2019imprenditorialit\u00e0.<\/p><p><b><img loading=\"lazy\" decoding=\"async\" src=\"https:\/\/ptof.liceoattiliobertolucci.org\/25-28\/wp-content\/uploads\/2021\/11\/i_sport4.png\" alt=\"\" width=\"639\" height=\"557\" \/><br \/><\/b><\/p><h2><strong>LICEO <\/strong><a href=\"https:\/\/liceoattiliobertolucci.edu.it\/orientamento-indirizzo-musicale\/\"><strong>MUSICALE<\/strong><\/a><\/h2><p>\u201cIl percorso si pone come obiettivo l\u2019apprendimento tecnico-pratico della musica sotto gli aspetti della composizione, interpretazione, esecuzione e rappresentazione, all\u2019interno di una necessaria prospettiva culturale, storica, estetica, teorica e tecnica\u201d. Al termine del liceo si pu\u00f2 accedere a tutte le facolt\u00e0 universitarie, oppure all\u2019alta formazione Artistica e Musicale; i laboratori di tecnologie musicali consentono agli alunni di sviluppare competenze spendibili in professioni quali produzione e post produzione audio e multimedia, fonica, sound design e regia del suono per teatro, cinema, televisione, radio e comunicazione in genere. Il Laboratorio di Musica di insieme si svolge preferibilmente a classi abbinate (I+II; III+IV; V).<\/p><p><img loading=\"lazy\" decoding=\"async\" src=\"https:\/\/ptof.liceoattiliobertolucci.org\/25-28\/wp-content\/uploads\/2021\/11\/i_mus.png\" alt=\"\" width=\"525\" height=\"589\" \/><\/p>\t\t\t\t\t\t\t\t<\/div>\n\t\t\t\t<\/div>\n\t\t\t\t\t<\/div>\n\t\t<\/div>\n\t\t\t\t\t<\/div>\n\t\t<\/section>\n\t\t\t\t<\/div>\n\t\t","protected":false},"excerpt":{"rendered":"<p>OFFERTA FORMATIVA DAL CURRICOLO NAZIONALE DEI LICEI SCIENTIFICO \u2013 SPORTIVO \u2013 MUSICALE ALL&#8217;OFFERTA FORMATIVA DEL LICEO BERTOLUCCI E\u2019 qui presenta l\u2019offerta specifica del Liceo Attilio Bertolucci. Ogni percorso \u00e8 descritto con poche righe di presentazione e dal quadro orario. I percorsi offerti dal Liceo Bertolucci sono: Liceo Scientifico Liceo Scientifico Cambridge IGCSE Liceo Scientifico Matematica+ &hellip; <\/p>\n<p class=\"link-more\"><a href=\"https:\/\/ptof.liceoattiliobertolucci.org\/25-28\/indice\/offerta-formativa\/\" class=\"more-link\">Leggi tutto<span class=\"screen-reader-text\"> &#8220;OFFERTA FORMATIVA&#8221;<\/span><\/a><\/p>\n","protected":false},"author":1,"featured_media":0,"parent":19,"menu_order":0,"comment_status":"closed","ping_status":"closed","template":"elementor_header_footer","meta":{"footnotes":""},"class_list":["post-149","page","type-page","status-publish","hentry"],"_links":{"self":[{"href":"https:\/\/ptof.liceoattiliobertolucci.org\/25-28\/wp-json\/wp\/v2\/pages\/149","targetHints":{"allow":["GET"]}}],"collection":[{"href":"https:\/\/ptof.liceoattiliobertolucci.org\/25-28\/wp-json\/wp\/v2\/pages"}],"about":[{"href":"https:\/\/ptof.liceoattiliobertolucci.org\/25-28\/wp-json\/wp\/v2\/types\/page"}],"author":[{"embeddable":true,"href":"https:\/\/ptof.liceoattiliobertolucci.org\/25-28\/wp-json\/wp\/v2\/users\/1"}],"replies":[{"embeddable":true,"href":"https:\/\/ptof.liceoattiliobertolucci.org\/25-28\/wp-json\/wp\/v2\/comments?post=149"}],"version-history":[{"count":37,"href":"https:\/\/ptof.liceoattiliobertolucci.org\/25-28\/wp-json\/wp\/v2\/pages\/149\/revisions"}],"predecessor-version":[{"id":830,"href":"https:\/\/ptof.liceoattiliobertolucci.org\/25-28\/wp-json\/wp\/v2\/pages\/149\/revisions\/830"}],"up":[{"embeddable":true,"href":"https:\/\/ptof.liceoattiliobertolucci.org\/25-28\/wp-json\/wp\/v2\/pages\/19"}],"wp:attachment":[{"href":"https:\/\/ptof.liceoattiliobertolucci.org\/25-28\/wp-json\/wp\/v2\/media?parent=149"}],"curies":[{"name":"wp","href":"https:\/\/api.w.org\/{rel}","templated":true}]}}