{"id":350,"date":"2021-11-27T06:29:29","date_gmt":"2021-11-27T06:29:29","guid":{"rendered":"https:\/\/ptof.liceoattiliobertolucci.org\/25-28\/?page_id=350"},"modified":"2024-12-15T18:45:42","modified_gmt":"2024-12-15T18:45:42","slug":"le-risorse","status":"publish","type":"page","link":"https:\/\/ptof.liceoattiliobertolucci.org\/25-28\/indice\/le-risorse\/","title":{"rendered":"LE RISORSE\u200b"},"content":{"rendered":"\t\t<div data-elementor-type=\"wp-page\" data-elementor-id=\"350\" class=\"elementor elementor-350\">\n\t\t\t\t\t\t<section class=\"elementor-section elementor-top-section elementor-element elementor-element-e83b528 elementor-section-boxed elementor-section-height-default elementor-section-height-default\" data-id=\"e83b528\" data-element_type=\"section\" id=\"mybread\" data-settings=\"{&quot;background_background&quot;:&quot;classic&quot;}\">\n\t\t\t\t\t\t<div class=\"elementor-container elementor-column-gap-no\">\n\t\t\t\t\t<div class=\"elementor-column elementor-col-100 elementor-top-column elementor-element elementor-element-e1902ae\" data-id=\"e1902ae\" data-element_type=\"column\">\n\t\t\t<div class=\"elementor-widget-wrap elementor-element-populated\">\n\t\t\t\t\t\t<div class=\"elementor-element elementor-element-255ff7e elementor-widget elementor-widget-shortcode\" data-id=\"255ff7e\" data-element_type=\"widget\" data-widget_type=\"shortcode.default\">\n\t\t\t\t<div class=\"elementor-widget-container\">\n\t\t\t\t\t\t\t<div class=\"elementor-shortcode\">\t\t\t<!-- Flexy Breadcrumb -->\r\n\t\t\t<div class=\"fbc fbc-page\">\r\n\r\n\t\t\t\t<!-- Breadcrumb wrapper -->\r\n\t\t\t\t<div class=\"fbc-wrap\">\r\n\r\n\t\t\t\t\t<!-- Ordered list-->\r\n\t\t\t\t\t<ol class=\"fbc-items\" itemscope itemtype=\"https:\/\/schema.org\/BreadcrumbList\">\r\n\t\t\t\t\t\t            <li itemprop=\"itemListElement\" itemscope itemtype=\"https:\/\/schema.org\/ListItem\">\r\n                <span itemprop=\"name\">\r\n                    <!-- Home Link -->\r\n                    <a itemprop=\"item\" href=\"https:\/\/ptof.liceoattiliobertolucci.org\/25-28\">\r\n                    \r\n                                                    <i class=\"fa fa-home\" aria-hidden=\"true\"><\/i>PTOF 2025 - 2028                    <\/a>\r\n                <\/span>\r\n                <meta itemprop=\"position\" content=\"1\" \/><!-- Meta Position-->\r\n             <\/li><li><span class=\"fbc-separator\">\/<\/span><\/li><li class=\"active\" itemprop=\"itemListElement\" itemscope itemtype=\"https:\/\/schema.org\/ListItem\"><span itemprop=\"name\" title=\"LE RISORSE\u200b\">LE RISORSE\u200b<\/span><meta itemprop=\"position\" content=\"2\" \/><\/li>\t\t\t\t\t<\/ol>\r\n\t\t\t\t\t<div class=\"clearfix\"><\/div>\r\n\t\t\t\t<\/div>\r\n\t\t\t<\/div>\r\n\t\t\t<\/div>\n\t\t\t\t\t\t<\/div>\n\t\t\t\t<\/div>\n\t\t\t\t\t<\/div>\n\t\t<\/div>\n\t\t\t\t\t<\/div>\n\t\t<\/section>\n\t\t\t\t<section class=\"elementor-section elementor-top-section elementor-element elementor-element-443f2b1 elementor-section-boxed elementor-section-height-default elementor-section-height-default\" data-id=\"443f2b1\" data-element_type=\"section\">\n\t\t\t\t\t\t<div class=\"elementor-container elementor-column-gap-default\">\n\t\t\t\t\t<div class=\"elementor-column elementor-col-100 elementor-top-column elementor-element elementor-element-09688c0\" data-id=\"09688c0\" data-element_type=\"column\">\n\t\t\t<div class=\"elementor-widget-wrap elementor-element-populated\">\n\t\t\t\t\t\t<div class=\"elementor-element elementor-element-ef4ed2f elementor-widget elementor-widget-spacer\" data-id=\"ef4ed2f\" data-element_type=\"widget\" data-widget_type=\"spacer.default\">\n\t\t\t\t<div class=\"elementor-widget-container\">\n\t\t\t\t\t\t\t<div class=\"elementor-spacer\">\n\t\t\t<div class=\"elementor-spacer-inner\"><\/div>\n\t\t<\/div>\n\t\t\t\t\t\t<\/div>\n\t\t\t\t<\/div>\n\t\t\t\t<div class=\"elementor-element elementor-element-50669c4 elementor-widget elementor-widget-heading\" data-id=\"50669c4\" data-element_type=\"widget\" data-widget_type=\"heading.default\">\n\t\t\t\t<div class=\"elementor-widget-container\">\n\t\t\t\t\t<h2 class=\"elementor-heading-title elementor-size-default\">LE RISORSE\u200b<\/h2>\t\t\t\t<\/div>\n\t\t\t\t<\/div>\n\t\t\t\t\t<\/div>\n\t\t<\/div>\n\t\t\t\t\t<\/div>\n\t\t<\/section>\n\t\t\t\t<section class=\"elementor-section elementor-top-section elementor-element elementor-element-524ba2f elementor-section-boxed elementor-section-height-default elementor-section-height-default\" data-id=\"524ba2f\" data-element_type=\"section\">\n\t\t\t\t\t\t<div class=\"elementor-container elementor-column-gap-default\">\n\t\t\t\t\t<div class=\"elementor-column elementor-col-100 elementor-top-column elementor-element elementor-element-bb5d907\" data-id=\"bb5d907\" data-element_type=\"column\">\n\t\t\t<div class=\"elementor-widget-wrap elementor-element-populated\">\n\t\t\t\t\t\t<div class=\"elementor-element elementor-element-8062660 elementor-widget-divider--view-line elementor-widget elementor-widget-divider\" data-id=\"8062660\" data-element_type=\"widget\" data-widget_type=\"divider.default\">\n\t\t\t\t<div class=\"elementor-widget-container\">\n\t\t\t\t\t\t\t<div class=\"elementor-divider\">\n\t\t\t<span class=\"elementor-divider-separator\">\n\t\t\t\t\t\t<\/span>\n\t\t<\/div>\n\t\t\t\t\t\t<\/div>\n\t\t\t\t<\/div>\n\t\t\t\t\t<\/div>\n\t\t<\/div>\n\t\t\t\t\t<\/div>\n\t\t<\/section>\n\t\t\t\t<section class=\"elementor-section elementor-top-section elementor-element elementor-element-a4631e3 contenutolungo elementor-section-boxed elementor-section-height-default elementor-section-height-default\" data-id=\"a4631e3\" data-element_type=\"section\">\n\t\t\t\t\t\t<div class=\"elementor-container elementor-column-gap-default\">\n\t\t\t\t\t<div class=\"elementor-column elementor-col-100 elementor-top-column elementor-element elementor-element-3a03cb9\" data-id=\"3a03cb9\" data-element_type=\"column\">\n\t\t\t<div class=\"elementor-widget-wrap elementor-element-populated\">\n\t\t\t\t\t\t<div class=\"elementor-element elementor-element-3639b0a elementor-widget elementor-widget-text-editor\" data-id=\"3639b0a\" data-element_type=\"widget\" data-widget_type=\"text-editor.default\">\n\t\t\t\t<div class=\"elementor-widget-container\">\n\t\t\t\t\t\t\t\t\t<p><span style=\"font-weight: 400;\">Le risorse si distinguono in\u00a0<\/span><\/p><ul><li aria-level=\"1\"><b>Risorse umane\u00a0<\/b><\/li><li aria-level=\"1\"><b>Strutture<\/b><\/li><li aria-level=\"1\"><b>Attrezzature\u00a0<\/b><\/li><\/ul><h2><b><br \/>RISORSE UMANE &#8211; LO STAFF E LE RISORSE PROFESSIONALI\u00a0<\/b><\/h2><p><b>Dotazioni di organico\u00a0<\/b><\/p><p><span style=\"font-weight: 400;\">Per quanto concerne<\/span><b> i posti di organico<\/b><span style=\"font-weight: 400;\">, <\/span><b>comuni e di sostegno<\/b><span style=\"font-weight: 400;\"> necessari per il raggiungimento degli obiettivi\u00a0 fissati dal PTOF, la dotazione \u00e8 frutto della assegnazione annuale a cura di UST, a seguito di correlata assegnazione da parte di USR-ER ai singoli UST della Regione.<\/span><\/p><p><span style=\"font-weight: 400;\">Per ci\u00f2 che concerne i posti per il <\/span><b>potenziamento dell\u2019offerta formativa<\/b><span style=\"font-weight: 400;\">, l\u2019attuale assegnazione di organico potenziato \u00e8 coerente con le scelte del liceo.<\/span><\/p><p><span style=\"font-weight: 400;\">Attualmente l\u2019assegnazione in <\/span><b>organico potenziato<\/b><span style=\"font-weight: 400;\"> corrisponde ai seguenti posti (anche se non sempre per 18 ore a posto, a motivo dei problemi di copertura organica dell\u2019UST di Parma): un posto di lettere, uno di matematica, uno di lingua inglese, uno di filosofia, uno di scienze, uno di diritto, uno di musica alla scuola superiore e uno di scienze motorie.<\/span><\/p><p><span style=\"font-weight: 400;\">Il loro utilizzo\u00a0\u00a0<\/span><\/p><ul><li style=\"font-weight: 400;\" aria-level=\"1\"><span style=\"font-weight: 400;\">va definito in relazione ai progetti ed alle attivit\u00e0 contenuti nel Piano<\/span><\/li><li style=\"font-weight: 400;\" aria-level=\"1\"><span style=\"font-weight: 400;\">deve privilegiare la distribuzione su pi\u00f9 docenti delle ore di potenziato<\/span><\/li><li style=\"font-weight: 400;\" aria-level=\"1\"><span style=\"font-weight: 400;\">nell\u2019ambito dei posti di potenziamento saranno preliminarmente accantonate le ore per l\u2019esonero parziale del primo e secondo collaboratore del dirigente;\u00a0<\/span><\/li><\/ul><p><span style=\"font-weight: 400;\">Nell\u2019ambito delle scelte di organizzazione sono previste le figure del <\/span><b>coordinatore di classe<\/b><span style=\"font-weight: 400;\">, del <strong>c<\/strong><\/span><b>oordinatore di educazione civica<\/b><span style=\"font-weight: 400;\"> di istituto e per ogni classe, del <strong>tutor<\/strong><\/span><b>\u00a0di classe per PCTO<\/b><span style=\"font-weight: 400;\">.\u00a0<\/span><\/p><p><span style=\"font-weight: 400;\">Deve inoltre essere prevista l\u2019istituzione di dipartimenti per aree disciplinari, nonch\u00e9, ove ritenuto funzionale alle priorit\u00e0 di istituto, dipartimenti trasversali. E&#8217; altres\u00ec prevista la funzione di <\/span><b>coordinatore di dipartimento<\/b><span style=\"font-weight: 400;\">.\u00a0<\/span><\/p><p><span style=\"font-weight: 400;\">Risulta comunque essenziale sottolineare il <\/span><b>fabbisogno riferito all\u2019ambito tecnologico<\/b><span style=\"font-weight: 400;\"> (che garantisce il corretto funzionamento di tutta la rete e infrastruttura digitale), al <\/span><b>personale amministrativo<\/b><span style=\"font-weight: 400;\"> per garantire lo svolgimento di tutti i processi amministrativi (anche per conto di Ministero, USR-ER, UST oltre che di tutti i progetti PON ed Erasmus+ connessi con l\u2019accreditamento), <\/span><b>ai collaboratori scolastici<\/b><span style=\"font-weight: 400;\">, figure fondamentali per il raggiungimento degli stessi obiettivi in termine di accoglienza, messa a disposizione dei locali, sicurezza.<\/span><i><span style=\"font-weight: 400;\">\u00a0<\/span><\/i><\/p><p><span style=\"font-weight: 400;\">Si riporta qui di seguito la dotazione organica riferita sia al personale docente che al personale ATA nell\u2019anno 2024\/25 cos\u00ec come risulta da Sidi \u2013 MIM .\u00a0<\/span><\/p><h2><b><br \/>Personale Docente\u00a0<\/b><\/h2><p><span style=\"font-weight: 400;\">Organico 2024\/25 dati MIM: 142 docenti (di cui 24 di sostegno) &#8211; 102 a tempo indeterminato<\/span><\/p><h2><b><br \/>Personale ata<\/b><\/h2><p><span style=\"font-weight: 400;\">Personale ATA: 30<\/span><\/p><p><span style=\"color: var( --e-global-color-text ); font-family: var( --e-global-typography-text-font-family ), Sans-serif; font-size: 1rem;\">Direttore Dei Servizi Generali E Amministrativi: 1\u00a0<\/span><\/p><h2><b><br \/>STRUTTURE<\/b><\/h2><p><span style=\"font-weight: 400;\">Gli spazi a disposizione del Liceo dipendono dalla pianificazione della Provincia di Parma, che gestisce il patrimonio dell&#8217;edilizia scolastica.<\/span><\/p><p><b>Sedi\u00a0<\/b><\/p><ul><li><span style=\"font-weight: 400;\">Sede centrale: Via Toscana 10\/A &#8211; Parma <\/span><\/li><li><span style=\"color: var( --e-global-color-text ); font-family: var( --e-global-typography-text-font-family ), Sans-serif; font-size: 1rem;\">Distaccamento: via Abruzzi &#8211; Parma <\/span><\/li><li><span style=\"color: var( --e-global-color-text ); font-family: var( --e-global-typography-text-font-family ), Sans-serif; font-size: 1rem;\">Sede Liceo Musicale: Piazzale Castelfidardo 7 &#8211; Parma<\/span><\/li><li>Sede Liceo Sportivo: Piazzale Sicilia 11 &#8211; Parma\u00a0<\/li><\/ul><p><b>Gli spazi palestra<\/b><span style=\"font-weight: 400;\"> \u2013 elemento fondamentale per l\u2019offerta formativa del liceo sportivo &#8211; sono\u00a0 distribuiti su diverse sedi <\/span><\/p><ul><li><span style=\"font-weight: 400;\">palestre: Campanini (sede liceo Sportivo), Pala Padovani, Giordani<\/span><\/li><li><span style=\"font-weight: 400;\">piscina Onesti di Moletolo<\/span><\/li><li><span style=\"font-weight: 400;\">Campus Atletica via Po<\/span><\/li><li><span style=\"font-weight: 400;\">Campi da golf del Cus Parma presso il centro Universitario<\/span><\/li><\/ul><p>\u00a0<\/p><h2><b><br \/>ATTREZZATURE E INFRASTRUTTURE MATERIALI\u00a0<\/b><\/h2><p><b>Il liceo Bertolucci, grazie anche ai finanziamenti PNRR erogati nello scorso triennio<\/b>, ha potuto dotarsi di <span style=\"font-weight: 400;\">una dotazione tecnologica di eccellenza,\u00a0 in particolare per quanto concerne l\u2019area digitale, sportiva e musicale, la <\/span><span style=\"font-size: 1rem;\">dotazione laboratoriale STEAM e l&#8217;ambito della comunicazione cross-mediale. <\/span><span style=\"font-size: 1rem;\">Un livello che si propone di mantenere e potenziare, nel limite degli di spazi fisici assegnati dalla Provincia di Parma.\u00a0<\/span><\/p><p><b>Laboratori\u00a0<\/b><\/p><ul><li>1 Aula STEM<\/li><li>1 lab scienze\u00a0\u00a0<\/li><li>1 lab Cross Medial Communication<\/li><li>1 lab motorio-cognitivo digitale<\/li><li>lab mobili con laptop\u00a0<\/li><li>n. 1 lab tecnologie musicali con n. 32 postazioni (Mac)\u00a0<\/li><\/ul><p><b>LIM e rete scolastica\u00a0<\/b><\/p><ul><li>PC desktop, Monitor interattivi, Digital board, LIM in tutte le classi<\/li><li>Rete cablata e wifi (gestita e filtrata da firewall)<\/li><li>Account personale<\/li><li>Accessi ai pacchetti\u00a0della Google Suite (drive, classroom, mail, calendar, ecc) e a Office 365<\/li><\/ul><p><b>Device<\/b><\/p><ul><li>93 PC desktop\/tower\u00a0\u00a0\u00a0<\/li><li>221 LAPTOP\u00a0<\/li><li>98 MONITOR PC<\/li><li>6\u00a0TABLET \/ IPAD\u00a0\u00a0<\/li><li>47 MONITOR INTERATTIVI + 7LIM\u00a0\u00a0<\/li><li>7 PROIETTORI INTERATTIVI\u00a0<\/li><li>2 STAMPANTI 3D\u00a0\u00a0\u00a0<\/li><li>1 TAVOLO INTERATTIVO<\/li><li>4 MACCHINE FOTOGRAFICHE<\/li><li>41 VISORI 3D<\/li><li>19 SOUNDBAR<\/li><li>5 MICROSCOPI BINOCULARI ZEISS<\/li><\/ul><p><span style=\"font-weight: 400;\"><br \/><\/span><b>Accessi\u00a0<\/b><\/p><p><span style=\"font-weight: 400;\">Ogni accesso ai sistemi scolastici \u00e8 possibile solo mediante account personale. A tutto il personale scolastico e a tutti gli studenti sono forniti accessi ai pacchetti\u00a0 della Google Suite (drive, classroom, mail, calendar, ecc), a Office 365 e alle cartelle presenti sul NAS d\u2019Istituto.\u00a0<\/span><\/p><p><b>STRUMENTI E LABORATORI MUSICALI\u00a0<\/b><\/p><p><span style=\"font-weight: 400;\">Grazie al finanziamento PON Laboratori Musicali il liceo ha potuto usufruire di 150mila euro per dotazione di strumenti, tecnologie e miglioramento delle strutture (insonorizzazioni).\u00a0<\/span><\/p><p><b>STRUMENTI E LABORATORI &#8211; LICEO SPORTIVO\u00a0<\/b><\/p><p><span style=\"font-weight: 400;\">Grazie al finanziamento PON Laboratori Liceo Sportivo e PNRR, il liceo\u00a0 ha potuto negli scorsi anni usufruire di consistenti fondi per la dotazione di strumenti, attrezzature e tecnologie per il liceo sportivo.\u00a0<\/span><\/p>\t\t\t\t\t\t\t\t<\/div>\n\t\t\t\t<\/div>\n\t\t\t\t\t<\/div>\n\t\t<\/div>\n\t\t\t\t\t<\/div>\n\t\t<\/section>\n\t\t\t\t<\/div>\n\t\t","protected":false},"excerpt":{"rendered":"<p>LE RISORSE\u200b Le risorse si distinguono in\u00a0 Risorse umane\u00a0 Strutture Attrezzature\u00a0 RISORSE UMANE &#8211; LO STAFF E LE RISORSE PROFESSIONALI\u00a0 Dotazioni di organico\u00a0 Per quanto concerne i posti di organico, comuni e di sostegno necessari per il raggiungimento degli obiettivi\u00a0 fissati dal PTOF, la dotazione \u00e8 frutto della assegnazione annuale a cura di UST, a &hellip; <\/p>\n<p class=\"link-more\"><a href=\"https:\/\/ptof.liceoattiliobertolucci.org\/25-28\/indice\/le-risorse\/\" class=\"more-link\">Leggi tutto<span class=\"screen-reader-text\"> &#8220;LE RISORSE\u200b&#8221;<\/span><\/a><\/p>\n","protected":false},"author":1,"featured_media":0,"parent":19,"menu_order":0,"comment_status":"closed","ping_status":"closed","template":"elementor_header_footer","meta":{"footnotes":""},"class_list":["post-350","page","type-page","status-publish","hentry"],"_links":{"self":[{"href":"https:\/\/ptof.liceoattiliobertolucci.org\/25-28\/wp-json\/wp\/v2\/pages\/350","targetHints":{"allow":["GET"]}}],"collection":[{"href":"https:\/\/ptof.liceoattiliobertolucci.org\/25-28\/wp-json\/wp\/v2\/pages"}],"about":[{"href":"https:\/\/ptof.liceoattiliobertolucci.org\/25-28\/wp-json\/wp\/v2\/types\/page"}],"author":[{"embeddable":true,"href":"https:\/\/ptof.liceoattiliobertolucci.org\/25-28\/wp-json\/wp\/v2\/users\/1"}],"replies":[{"embeddable":true,"href":"https:\/\/ptof.liceoattiliobertolucci.org\/25-28\/wp-json\/wp\/v2\/comments?post=350"}],"version-history":[{"count":22,"href":"https:\/\/ptof.liceoattiliobertolucci.org\/25-28\/wp-json\/wp\/v2\/pages\/350\/revisions"}],"predecessor-version":[{"id":571,"href":"https:\/\/ptof.liceoattiliobertolucci.org\/25-28\/wp-json\/wp\/v2\/pages\/350\/revisions\/571"}],"up":[{"embeddable":true,"href":"https:\/\/ptof.liceoattiliobertolucci.org\/25-28\/wp-json\/wp\/v2\/pages\/19"}],"wp:attachment":[{"href":"https:\/\/ptof.liceoattiliobertolucci.org\/25-28\/wp-json\/wp\/v2\/media?parent=350"}],"curies":[{"name":"wp","href":"https:\/\/api.w.org\/{rel}","templated":true}]}}